{"id":4809,"date":"2019-04-29T23:07:41","date_gmt":"2019-04-30T04:07:41","guid":{"rendered":"https:\/\/nanatomedia.com\/contact\/"},"modified":"2021-10-11T22:46:02","modified_gmt":"2021-10-12T03:46:02","slug":"contacto","status":"publish","type":"page","link":"https:\/\/old.nanatomedia.dev\/es\/contacto\/","title":{"rendered":"Contacto"},"content":{"rendered":"\t\t<div data-elementor-type=\"wp-post\" data-elementor-id=\"4809\" class=\"elementor elementor-4809 elementor-497\">\n\t\t\t\t\t\t\t\t\t<section class=\"elementor-section elementor-top-section elementor-element elementor-element-fe6d999 elementor-hidden-desktop elementor-hidden-tablet elementor-section-boxed elementor-section-height-default elementor-section-height-default\" data-id=\"fe6d999\" data-element_type=\"section\" data-settings=\"{&quot;_ha_eqh_enable&quot;:false}\">\n\t\t\t\t\t\t\t<div class=\"elementor-background-overlay\"><\/div>\n\t\t\t\t\t\t\t<div class=\"elementor-container elementor-column-gap-default\">\n\t\t\t\t\t<div class=\"elementor-column elementor-col-100 elementor-top-column elementor-element elementor-element-8fbcd4f\" data-id=\"8fbcd4f\" data-element_type=\"column\">\n\t\t\t<div class=\"elementor-widget-wrap elementor-element-populated\">\n\t\t\t\t\t\t\t\t<div class=\"elementor-element elementor-element-0b97ec7 elementor-widget elementor-widget-dragfy-addons-interactive-banner\" data-id=\"0b97ec7\" data-element_type=\"widget\" data-widget_type=\"dragfy-addons-interactive-banner.default\">\n\t\t\t\t<div class=\"elementor-widget-container\">\n\t\t\t   <div class=\"df-hero df-style10 df-flex\">\n     <div class=\"df-container\">\n       <div class=\"df-row\">\n         <div class=\"df-col-lg-12\">\n           <div class=\"empty-space marg-lg-b150 marg-sm-b100\"><\/div>\n           <div class=\"df-section-heading df-style2\">\n             <div class=\"df-f16-lg df-hero-subtitle df-mt-4\"><\/div>\n             <div class=\"empty-space marg-lg-b10\"><\/div>\n             <h6 class=\"df-text-slider slide df-f48-lg df-f36-sm df-font-name df-mb-3\">\n\n                                <span>Adelante. Dinos hola.<\/span>\n               \n             <\/h6>\n           <\/div>\n           <div class=\"empty-space marg-lg-b135 marg-sm-b90\"><\/div>\n         <\/div>\n       <\/div>\n     <\/div>\n     <div class=\"df-shap-animation-wrap df-style1\">\n       <div class=\"df-shap-animation df-shap-animation1\">\n         <div class=\"df-shap-animation-in\">\n           <b><\/b>\n           <span><\/span>\n         <\/div>\n       <\/div>\n       <div class=\"df-shap-animation df-shap-animation2\"><span><\/span><\/div>\n       <div class=\"df-shap-animation df-shap-animation3\"><\/div>\n     <\/div>\n   <\/div>\n   \t\t<\/div>\n\t\t\t\t<\/div>\n\t\t\t\t\t<\/div>\n\t\t<\/div>\n\t\t\t\t\t\t\t<\/div>\n\t\t<\/section>\n\t\t\t\t<section class=\"elementor-section elementor-top-section elementor-element elementor-element-d3b7fe4 elementor-section-height-min-height elementor-hidden-phone elementor-section-boxed elementor-section-height-default elementor-section-items-middle\" data-id=\"d3b7fe4\" data-element_type=\"section\" data-settings=\"{&quot;background_background&quot;:&quot;classic&quot;,&quot;_ha_eqh_enable&quot;:false}\">\n\t\t\t\t\t\t\t<div class=\"elementor-background-overlay\"><\/div>\n\t\t\t\t\t\t\t<div class=\"elementor-container elementor-column-gap-default\">\n\t\t\t\t\t<div class=\"elementor-column elementor-col-100 elementor-top-column elementor-element elementor-element-aa85508\" data-id=\"aa85508\" data-element_type=\"column\">\n\t\t\t<div class=\"elementor-widget-wrap elementor-element-populated\">\n\t\t\t\t\t\t\t\t<div class=\"elementor-element elementor-element-2911e2c elementor-widget elementor-widget-heading\" data-id=\"2911e2c\" data-element_type=\"widget\" data-widget_type=\"heading.default\">\n\t\t\t\t<div class=\"elementor-widget-container\">\n\t\t\t<h2 class=\"elementor-heading-title elementor-size-default\">Adelante. Dinos hola.<\/h2>\t\t<\/div>\n\t\t\t\t<\/div>\n\t\t\t\t<div class=\"elementor-element elementor-element-b4bafe4 elementor-widget elementor-widget-heading\" data-id=\"b4bafe4\" data-element_type=\"widget\" data-widget_type=\"heading.default\">\n\t\t\t\t<div class=\"elementor-widget-container\">\n\t\t\t<p class=\"elementor-heading-title elementor-size-default\">Amamos colaborar con marcas y personas que buscan crecer.<br \/>\nNos encanta construir cosas grandiosas en equipo.<\/p>\t\t<\/div>\n\t\t\t\t<\/div>\n\t\t\t\t\t<\/div>\n\t\t<\/div>\n\t\t\t\t\t\t\t<\/div>\n\t\t<\/section>\n\t\t\t\t<section class=\"elementor-section elementor-top-section elementor-element elementor-element-465ed30 elementor-section-boxed elementor-section-height-default elementor-section-height-default\" data-id=\"465ed30\" data-element_type=\"section\" data-settings=\"{&quot;_ha_eqh_enable&quot;:false}\">\n\t\t\t\t\t\t<div class=\"elementor-container elementor-column-gap-default\">\n\t\t\t\t\t<div class=\"elementor-column elementor-col-100 elementor-top-column elementor-element elementor-element-bba46c8\" data-id=\"bba46c8\" data-element_type=\"column\">\n\t\t\t<div class=\"elementor-widget-wrap elementor-element-populated\">\n\t\t\t\t\t\t\t\t<div class=\"elementor-element elementor-element-242e73b elementor-widget elementor-widget-dragfy-addons-contact-form-7\" data-id=\"242e73b\" data-element_type=\"widget\" data-widget_type=\"dragfy-addons-contact-form-7.default\">\n\t\t\t\t<div class=\"elementor-widget-container\">\n\t\t\t\n    <div class=\"df-contact-form-wrapper df-style1\">\n          \n<div class=\"wpcf7 no-js\" id=\"wpcf7-f4981-o1\" lang=\"en-US\" dir=\"ltr\">\n<div class=\"screen-reader-response\"><p role=\"status\" aria-live=\"polite\" aria-atomic=\"true\"><\/p> <ul><\/ul><\/div>\n<form action=\"\/es\/wp-json\/wp\/v2\/pages\/4809#wpcf7-f4981-o1\" method=\"post\" class=\"wpcf7-form init\" aria-label=\"Contact form\" novalidate=\"novalidate\" data-status=\"init\">\n<div style=\"display: none;\">\n<input type=\"hidden\" name=\"_wpcf7\" value=\"4981\" \/>\n<input type=\"hidden\" name=\"_wpcf7_version\" value=\"5.7.3\" \/>\n<input type=\"hidden\" name=\"_wpcf7_locale\" value=\"en_US\" \/>\n<input type=\"hidden\" name=\"_wpcf7_unit_tag\" value=\"wpcf7-f4981-o1\" \/>\n<input type=\"hidden\" name=\"_wpcf7_container_post\" value=\"0\" \/>\n<input type=\"hidden\" name=\"_wpcf7_posted_data_hash\" value=\"\" \/>\n<input type=\"hidden\" name=\"_wpcf7_recaptcha_response\" value=\"\" \/>\n<\/div>\n<div id=\"nanatoform\">\n\t<div class=\"name\">\n\t\t<p><span>Mi nombre es <\/span><br \/>\n<span class=\"wpcf7-form-control-wrap\" data-name=\"nombre-completo\"><input size=\"40\" class=\"wpcf7-form-control wpcf7-text wpcf7-validates-as-required\" aria-required=\"true\" aria-invalid=\"false\" placeholder=\"Nombre Completo*\" value=\"\" type=\"text\" name=\"nombre-completo\" \/><\/span><span >,<\/span>\n\t\t<\/p>\n\t<\/div>\n\t<div class=\"position\">\n\t\t<p><span >y soy<\/span><br \/>\n<span class=\"wpcf7-form-control-wrap\" data-name=\"posicion-en-el-trabajo\"><input size=\"40\" class=\"wpcf7-form-control wpcf7-text wpcf7-validates-as-required\" aria-required=\"true\" aria-invalid=\"false\" placeholder=\"Posici\u00f3n en el Trabajo*\" value=\"\" type=\"text\" name=\"posicion-en-el-trabajo\" \/><\/span><br \/>\n<span >en<\/span><br \/>\n<span class=\"wpcf7-form-control-wrap\" data-name=\"que-compania\"><input size=\"40\" class=\"wpcf7-form-control wpcf7-text wpcf7-validates-as-required company\" aria-required=\"true\" aria-invalid=\"false\" placeholder=\"En qu\u00e9 compa\u00f1\u00eda*\" value=\"\" type=\"text\" name=\"que-compania\" \/><\/span><span >.<\/span>\n\t\t<\/p>\n\t<\/div>\n\t<div class=\"help\">\n\t\t<p><span >Contacto a Nanato Media para ayudarme en <\/span><br \/>\n<span class=\"wpcf7-form-control-wrap\" data-name=\"tipos-de-servicios\"><input size=\"40\" class=\"wpcf7-form-control wpcf7-text wpcf7-validates-as-required\" aria-required=\"true\" aria-invalid=\"false\" placeholder=\"Tipos de Servicios*\" value=\"\" type=\"text\" name=\"tipos-de-servicios\" \/><\/span><span >.<\/span>\n\t\t<\/p>\n\t<\/div>\n\t<div class=\"budget\">\n\t\t<p><span >Tenemos un presupuesto de<\/span><br \/>\n<span class=\"wpcf7-form-control-wrap\" data-name=\"cantidad\"><input size=\"40\" class=\"wpcf7-form-control wpcf7-text wpcf7-validates-as-required\" aria-required=\"true\" aria-invalid=\"false\" placeholder=\"Cantidad*\" value=\"\" type=\"text\" name=\"cantidad\" \/><\/span><span >.<\/span>\n\t\t<\/p>\n\t<\/div>\n\t<div class=\"email\">\n\t\t<p><span> Me pueden contactar en<\/span><br \/>\n<span class=\"wpcf7-form-control-wrap\" data-name=\"email\"><input size=\"40\" class=\"wpcf7-form-control wpcf7-text wpcf7-email wpcf7-validates-as-required wpcf7-validates-as-email\" aria-required=\"true\" aria-invalid=\"false\" placeholder=\"E-mail*\" value=\"\" type=\"email\" name=\"email\" \/><\/span><br \/>\n<span >o<\/span><br \/>\n<span class=\"wpcf7-form-control-wrap\" data-name=\"telefono\"><input size=\"40\" class=\"wpcf7-form-control wpcf7-text wpcf7-validates-as-required\" aria-required=\"true\" aria-invalid=\"false\" placeholder=\"Tel\u00e9fono*\" value=\"\" type=\"text\" name=\"telefono\" \/><\/span><span >.<\/span>\n\t\t<\/p>\n\t<\/div>\n\t<div>\n\t\t<p><input class=\"wpcf7-form-control has-spinner wpcf7-submit df-btn df-color4 df-style3\" type=\"submit\" value=\"ENVIAR\" \/><span >.<\/span>\n\t\t<\/p>\n\t<\/div>\n<\/div><p style=\"display: none !important;\"><label>&#916;<textarea name=\"_wpcf7_ak_hp_textarea\" cols=\"45\" rows=\"8\" maxlength=\"100\"><\/textarea><\/label><input type=\"hidden\" id=\"ak_js_1\" name=\"_wpcf7_ak_js\" value=\"207\"\/><script>document.getElementById( \"ak_js_1\" ).setAttribute( \"value\", ( new Date() ).getTime() );<\/script><\/p><div class=\"wpcf7-response-output\" aria-hidden=\"true\"><\/div>\n<\/form>\n<\/div>\n    <\/div>\n      \n  \t\t<\/div>\n\t\t\t\t<\/div>\n\t\t\t\t\t<\/div>\n\t\t<\/div>\n\t\t\t\t\t\t\t<\/div>\n\t\t<\/section>\n\t\t\t\t<section class=\"elementor-section elementor-top-section elementor-element elementor-element-7e37416 elementor-section-boxed elementor-section-height-default elementor-section-height-default\" data-id=\"7e37416\" data-element_type=\"section\" data-settings=\"{&quot;_ha_eqh_enable&quot;:false}\">\n\t\t\t\t\t\t<div class=\"elementor-container elementor-column-gap-default\">\n\t\t\t\t\t<div class=\"elementor-column elementor-col-100 elementor-top-column elementor-element elementor-element-e8029d2\" data-id=\"e8029d2\" data-element_type=\"column\">\n\t\t\t<div class=\"elementor-widget-wrap elementor-element-populated\">\n\t\t\t\t\t\t\t\t<div class=\"elementor-element elementor-element-f8c196b elementor-widget elementor-widget-google_maps\" data-id=\"f8c196b\" data-element_type=\"widget\" data-widget_type=\"google_maps.default\">\n\t\t\t\t<div class=\"elementor-widget-container\">\n\t\t\t\t\t<div class=\"elementor-custom-embed\">\n\t\t\t<iframe loading=\"lazy\"\n\t\t\t\t\tsrc=\"https:\/\/maps.google.com\/maps?q=nanato%20media&#038;t=m&#038;z=10&#038;output=embed&#038;iwloc=near\"\n\t\t\t\t\ttitle=\"nanato media\"\n\t\t\t\t\taria-label=\"nanato media\"\n\t\t\t><\/iframe>\n\t\t<\/div>\n\t\t\t\t<\/div>\n\t\t\t\t<\/div>\n\t\t\t\t\t<\/div>\n\t\t<\/div>\n\t\t\t\t\t\t\t<\/div>\n\t\t<\/section>\n\t\t\t\t<section class=\"elementor-section elementor-top-section elementor-element elementor-element-ca58115 elementor-section-boxed elementor-section-height-default elementor-section-height-default\" data-id=\"ca58115\" data-element_type=\"section\" data-settings=\"{&quot;_ha_eqh_enable&quot;:false}\">\n\t\t\t\t\t\t<div class=\"elementor-container elementor-column-gap-default\">\n\t\t\t\t\t<div class=\"elementor-column elementor-col-33 elementor-top-column elementor-element elementor-element-746994d\" data-id=\"746994d\" data-element_type=\"column\">\n\t\t\t<div class=\"elementor-widget-wrap elementor-element-populated\">\n\t\t\t\t\t\t\t\t<div class=\"elementor-element elementor-element-e464626 elementor-widget elementor-widget-dragfy-addons-info-card\" data-id=\"e464626\" data-element_type=\"widget\" data-widget_type=\"dragfy-addons-info-card.default\">\n\t\t\t\t<div class=\"elementor-widget-container\">\n\t\t\t        <div class=\"df-contact-card df-style1 df-border df-radious-4 text-center\">\n          <div class=\"df-contact-card-body\">\n            <h5 class=\"df-contact-card-title df-info-title df-f18-lg\">In Camera Podcast<\/h5>\n            <div class=\"df-info-content\">Nanato Media produce In Camera Podcast, el podcast l\u00edder en el sector legal de marketing para abogados, presentado por Liel Levy.  <\/div>\n          <\/div>\n                      <div class=\"df-contact-card-footer df-flex\">\n              <a href=\"https:\/\/incamerapodcast.com\/\" class=\"df-info-link\" target=\"_blank\">Esc\u00fachalo ahora<\/a>\n            <\/div>\n                  <\/div>\n        \t\t<\/div>\n\t\t\t\t<\/div>\n\t\t\t\t\t<\/div>\n\t\t<\/div>\n\t\t\t\t<div class=\"elementor-column elementor-col-33 elementor-top-column elementor-element elementor-element-520cfb0\" data-id=\"520cfb0\" data-element_type=\"column\">\n\t\t\t<div class=\"elementor-widget-wrap elementor-element-populated\">\n\t\t\t\t\t\t\t\t<div class=\"elementor-element elementor-element-daffd85 elementor-widget elementor-widget-dragfy-addons-info-card\" data-id=\"daffd85\" data-element_type=\"widget\" data-widget_type=\"dragfy-addons-info-card.default\">\n\t\t\t\t<div class=\"elementor-widget-container\">\n\t\t\t        <div class=\"df-contact-card df-style1 df-border df-radious-4 text-center\">\n          <div class=\"df-contact-card-body\">\n            <h5 class=\"df-contact-card-title df-info-title df-f18-lg\">Env\u00edanos un correo electr\u00f3nico<\/h5>\n            <div class=\"df-info-content\">\u00bfNecesitas m\u00e1s espacio para escribirnos? Habla con nosotros sobre cualquier cosa por correo electr\u00f3nico.  <\/div>\n          <\/div>\n                      <div class=\"df-contact-card-footer df-flex\">\n              <a href=\"mailto:hey@nanatomedia.com\" class=\"df-info-link\" target=\"_self\">hey@nanatomedia.com<\/a>\n            <\/div>\n                  <\/div>\n        \t\t<\/div>\n\t\t\t\t<\/div>\n\t\t\t\t\t<\/div>\n\t\t<\/div>\n\t\t\t\t<div class=\"elementor-column elementor-col-33 elementor-top-column elementor-element elementor-element-4863475 elementor-hidden-desktop elementor-hidden-tablet elementor-hidden-mobile\" data-id=\"4863475\" data-element_type=\"column\">\n\t\t\t<div class=\"elementor-widget-wrap elementor-element-populated\">\n\t\t\t\t\t\t\t\t<div class=\"elementor-element elementor-element-8750183 elementor-widget elementor-widget-dragfy-addons-info-card\" data-id=\"8750183\" data-element_type=\"widget\" data-widget_type=\"dragfy-addons-info-card.default\">\n\t\t\t\t<div class=\"elementor-widget-container\">\n\t\t\t        <div class=\"df-contact-card df-style1 df-border df-radious-4 text-center\">\n          <div class=\"df-contact-card-body\">\n            <h5 class=\"df-contact-card-title df-info-title df-f18-lg\">Agenda una Revelaci\u00f3n<\/h5>\n            <div class=\"df-info-content\">Revisaremos tus actividades actuales de marketing digital y te haremos saber c\u00f3mo puedes mejorarlas.  <\/div>\n          <\/div>\n                      <div class=\"df-contact-card-footer df-flex\">\n              <a href=\"https:\/\/meetings.hubspot.com\/nanatomedia\/website-revelation?__hstc=190988597.65f29cb7eddcca42368be998bb7d7437.1596589115501.1608573371150.1608591835173.56&#038;__hssc=190988597.4.1608591835173&#038;__hsfp=3616158056\" class=\"df-info-link\" target=\"_blank\">Reserva un espacio<\/a>\n            <\/div>\n                  <\/div>\n        \t\t<\/div>\n\t\t\t\t<\/div>\n\t\t\t\t\t<\/div>\n\t\t<\/div>\n\t\t\t\t\t\t\t<\/div>\n\t\t<\/section>\n\t\t\t\t\t\t\t<\/div>\n\t\t","protected":false},"excerpt":{"rendered":"<p>Adelante. Dinos hola. Ll\u00e1manos Adelante. Dinos hola. Amamos colaborar con marcas y personas que buscan crecer. Nos encanta construir cosas grandiosas en equipo. Mi nombre es , y soy en . Contacto a Nanato Media para ayudarme en . Tenemos un presupuesto de . Me pueden contactar en o . . &#916; In Camera Podcast [&hellip;]<\/p>\n","protected":false},"author":1,"featured_media":4147,"parent":0,"menu_order":0,"comment_status":"closed","ping_status":"closed","template":"","meta":[],"yoast_head":"<!-- This site is optimized with the Yoast SEO Premium plugin v20.1 (Yoast SEO v20.1) - https:\/\/yoast.com\/wordpress\/plugins\/seo\/ -->\n<title>Cont\u00e1ctanos hoy o reserva una revelaci\u00f3n | Nanato Media<\/title>\n<meta name=\"description\" content=\"Contacta con nuestros expertos de marketing online por tel\u00e9fono, formulario de contacto o chat. O s\u00edguenos en @nanatomedia y obt\u00e9n consejos de marketing.\" \/>\n<meta name=\"robots\" content=\"noindex, follow, max-snippet:-1, max-image-preview:large, max-video-preview:-1\" \/>\n<meta property=\"og:locale\" content=\"es_ES\" \/>\n<meta property=\"og:type\" content=\"article\" \/>\n<meta property=\"og:title\" content=\"Contacto\" \/>\n<meta property=\"og:description\" content=\"Connect with us via phone, submit a form, book a revelation, or chat with our digital marketing experts. Follow @nanatomedia for digital marketing tips.\" \/>\n<meta property=\"og:url\" content=\"https:\/\/old.nanatomedia.dev\/es\/contacto\/\" \/>\n<meta property=\"og:site_name\" content=\"Nanato Media\" \/>\n<meta property=\"article:publisher\" content=\"https:\/\/www.facebook.com\/nanatomedia\/\" \/>\n<meta property=\"article:modified_time\" content=\"2021-10-12T03:46:02+00:00\" \/>\n<meta property=\"og:image\" content=\"https:\/\/old.nanatomedia.dev\/wp-content\/uploads\/2020\/03\/homen1.png\" \/>\n\t<meta property=\"og:image:width\" content=\"1500\" \/>\n\t<meta property=\"og:image:height\" content=\"975\" \/>\n\t<meta property=\"og:image:type\" content=\"image\/png\" \/>\n<meta name=\"twitter:label1\" content=\"Est. reading time\" \/>\n\t<meta name=\"twitter:data1\" content=\"1 minuto\" \/>\n<script type=\"application\/ld+json\" class=\"yoast-schema-graph\">{\"@context\":\"https:\/\/schema.org\",\"@graph\":[{\"@type\":\"WebPage\",\"@id\":\"https:\/\/old.nanatomedia.dev\/es\/contacto\/\",\"url\":\"https:\/\/old.nanatomedia.dev\/es\/contacto\/\",\"name\":\"Cont\u00e1ctanos hoy o reserva una revelaci\u00f3n | Nanato Media\",\"isPartOf\":{\"@id\":\"https:\/\/old.nanatomedia.dev\/es\/#website\"},\"datePublished\":\"2019-04-30T04:07:41+00:00\",\"dateModified\":\"2021-10-12T03:46:02+00:00\",\"description\":\"Contacta con nuestros expertos de marketing online por tel\u00e9fono, formulario de contacto o chat. O s\u00edguenos en @nanatomedia y obt\u00e9n consejos de marketing.\",\"breadcrumb\":{\"@id\":\"https:\/\/old.nanatomedia.dev\/es\/contacto\/#breadcrumb\"},\"inLanguage\":\"es\",\"potentialAction\":[{\"@type\":\"ReadAction\",\"target\":[\"https:\/\/old.nanatomedia.dev\/es\/contacto\/\"]}]},{\"@type\":\"BreadcrumbList\",\"@id\":\"https:\/\/old.nanatomedia.dev\/es\/contacto\/#breadcrumb\",\"itemListElement\":[{\"@type\":\"ListItem\",\"position\":1,\"name\":\"Home\",\"item\":\"https:\/\/old.nanatomedia.dev\/es\/\"},{\"@type\":\"ListItem\",\"position\":2,\"name\":\"Contacto\"}]},{\"@type\":\"WebSite\",\"@id\":\"https:\/\/old.nanatomedia.dev\/es\/#website\",\"url\":\"https:\/\/old.nanatomedia.dev\/es\/\",\"name\":\"Nanato Media\",\"description\":\"U.S. Hispanic, Inclusive &amp; Multicultural Marketing Agency\",\"publisher\":{\"@id\":\"https:\/\/old.nanatomedia.dev\/es\/#organization\"},\"potentialAction\":[{\"@type\":\"SearchAction\",\"target\":{\"@type\":\"EntryPoint\",\"urlTemplate\":\"https:\/\/old.nanatomedia.dev\/es\/?s={search_term_string}\"},\"query-input\":\"required name=search_term_string\"}],\"inLanguage\":\"es\"},{\"@type\":\"Organization\",\"@id\":\"https:\/\/old.nanatomedia.dev\/es\/#organization\",\"name\":\"Nanato Media\",\"url\":\"https:\/\/old.nanatomedia.dev\/es\/\",\"logo\":{\"@type\":\"ImageObject\",\"inLanguage\":\"es\",\"@id\":\"https:\/\/old.nanatomedia.dev\/es\/#\/schema\/logo\/image\/\",\"url\":\"https:\/\/nanatomedia.com\/wp-content\/uploads\/2020\/03\/nanato-media-logo.png\",\"contentUrl\":\"https:\/\/nanatomedia.com\/wp-content\/uploads\/2020\/03\/nanato-media-logo.png\",\"width\":314,\"height\":98,\"caption\":\"Nanato Media\"},\"image\":{\"@id\":\"https:\/\/old.nanatomedia.dev\/es\/#\/schema\/logo\/image\/\"},\"sameAs\":[\"https:\/\/www.facebook.com\/nanatomedia\/\",\"https:\/\/twitter.com\/nanatomedia\",\"https:\/\/www.instagram.com\/nanatomedia\/\",\"https:\/\/www.linkedin.com\/company\/28670221\/\",\"https:\/\/www.youtube.com\/channel\/UCNisEw8LL1bHEBPZxnwp3PQ\"]}]}<\/script>\n<!-- \/ Yoast SEO Premium plugin. -->","yoast_head_json":{"title":"Cont\u00e1ctanos hoy o reserva una revelaci\u00f3n | Nanato Media","description":"Contacta con nuestros expertos de marketing online por tel\u00e9fono, formulario de contacto o chat. O s\u00edguenos en @nanatomedia y obt\u00e9n consejos de marketing.","robots":{"index":"noindex","follow":"follow","max-snippet":"max-snippet:-1","max-image-preview":"max-image-preview:large","max-video-preview":"max-video-preview:-1"},"og_locale":"es_ES","og_type":"article","og_title":"Contacto","og_description":"Connect with us via phone, submit a form, book a revelation, or chat with our digital marketing experts. Follow @nanatomedia for digital marketing tips.","og_url":"https:\/\/old.nanatomedia.dev\/es\/contacto\/","og_site_name":"Nanato Media","article_publisher":"https:\/\/www.facebook.com\/nanatomedia\/","article_modified_time":"2021-10-12T03:46:02+00:00","og_image":[{"width":1500,"height":975,"url":"https:\/\/old.nanatomedia.dev\/wp-content\/uploads\/2020\/03\/homen1.png","type":"image\/png"}],"twitter_misc":{"Est. reading time":"1 minuto"},"schema":{"@context":"https:\/\/schema.org","@graph":[{"@type":"WebPage","@id":"https:\/\/old.nanatomedia.dev\/es\/contacto\/","url":"https:\/\/old.nanatomedia.dev\/es\/contacto\/","name":"Cont\u00e1ctanos hoy o reserva una revelaci\u00f3n | Nanato Media","isPartOf":{"@id":"https:\/\/old.nanatomedia.dev\/es\/#website"},"datePublished":"2019-04-30T04:07:41+00:00","dateModified":"2021-10-12T03:46:02+00:00","description":"Contacta con nuestros expertos de marketing online por tel\u00e9fono, formulario de contacto o chat. O s\u00edguenos en @nanatomedia y obt\u00e9n consejos de marketing.","breadcrumb":{"@id":"https:\/\/old.nanatomedia.dev\/es\/contacto\/#breadcrumb"},"inLanguage":"es","potentialAction":[{"@type":"ReadAction","target":["https:\/\/old.nanatomedia.dev\/es\/contacto\/"]}]},{"@type":"BreadcrumbList","@id":"https:\/\/old.nanatomedia.dev\/es\/contacto\/#breadcrumb","itemListElement":[{"@type":"ListItem","position":1,"name":"Home","item":"https:\/\/old.nanatomedia.dev\/es\/"},{"@type":"ListItem","position":2,"name":"Contacto"}]},{"@type":"WebSite","@id":"https:\/\/old.nanatomedia.dev\/es\/#website","url":"https:\/\/old.nanatomedia.dev\/es\/","name":"Nanato Media","description":"U.S. Hispanic, Inclusive &amp; Multicultural Marketing Agency","publisher":{"@id":"https:\/\/old.nanatomedia.dev\/es\/#organization"},"potentialAction":[{"@type":"SearchAction","target":{"@type":"EntryPoint","urlTemplate":"https:\/\/old.nanatomedia.dev\/es\/?s={search_term_string}"},"query-input":"required name=search_term_string"}],"inLanguage":"es"},{"@type":"Organization","@id":"https:\/\/old.nanatomedia.dev\/es\/#organization","name":"Nanato Media","url":"https:\/\/old.nanatomedia.dev\/es\/","logo":{"@type":"ImageObject","inLanguage":"es","@id":"https:\/\/old.nanatomedia.dev\/es\/#\/schema\/logo\/image\/","url":"https:\/\/nanatomedia.com\/wp-content\/uploads\/2020\/03\/nanato-media-logo.png","contentUrl":"https:\/\/nanatomedia.com\/wp-content\/uploads\/2020\/03\/nanato-media-logo.png","width":314,"height":98,"caption":"Nanato Media"},"image":{"@id":"https:\/\/old.nanatomedia.dev\/es\/#\/schema\/logo\/image\/"},"sameAs":["https:\/\/www.facebook.com\/nanatomedia\/","https:\/\/twitter.com\/nanatomedia","https:\/\/www.instagram.com\/nanatomedia\/","https:\/\/www.linkedin.com\/company\/28670221\/","https:\/\/www.youtube.com\/channel\/UCNisEw8LL1bHEBPZxnwp3PQ"]}]}},"_links":{"self":[{"href":"https:\/\/old.nanatomedia.dev\/es\/wp-json\/wp\/v2\/pages\/4809"}],"collection":[{"href":"https:\/\/old.nanatomedia.dev\/es\/wp-json\/wp\/v2\/pages"}],"about":[{"href":"https:\/\/old.nanatomedia.dev\/es\/wp-json\/wp\/v2\/types\/page"}],"author":[{"embeddable":true,"href":"https:\/\/old.nanatomedia.dev\/es\/wp-json\/wp\/v2\/users\/1"}],"replies":[{"embeddable":true,"href":"https:\/\/old.nanatomedia.dev\/es\/wp-json\/wp\/v2\/comments?post=4809"}],"version-history":[{"count":0,"href":"https:\/\/old.nanatomedia.dev\/es\/wp-json\/wp\/v2\/pages\/4809\/revisions"}],"wp:featuredmedia":[{"embeddable":true,"href":"https:\/\/old.nanatomedia.dev\/es\/wp-json\/wp\/v2\/media\/4147"}],"wp:attachment":[{"href":"https:\/\/old.nanatomedia.dev\/es\/wp-json\/wp\/v2\/media?parent=4809"}],"curies":[{"name":"wp","href":"https:\/\/api.w.org\/{rel}","templated":true}]}}